{"id":59,"date":"2024-04-16T21:47:25","date_gmt":"2024-04-16T21:47:25","guid":{"rendered":"https:\/\/icepp.rs\/?page_id=59"},"modified":"2024-05-10T19:42:54","modified_gmt":"2024-05-10T19:42:54","slug":"sektori","status":"publish","type":"page","link":"https:\/\/icepp.rs\/en\/sektori\/","title":{"rendered":"Sectors"},"content":{"rendered":"<p>[et_pb_section fb_built=&#8220;1&#8243; _builder_version=&#8220;4.25.1&#8243; _module_preset=&#8220;default&#8220; global_colors_info=&#8220;{}&#8220;][et_pb_row column_structure=&#8220;1_4,1_4,1_4,1_4&#8243; _builder_version=&#8220;4.25.1&#8243; _module_preset=&#8220;default&#8220; global_colors_info=&#8220;{}&#8220;][et_pb_column type=&#8220;1_4&#8243; _builder_version=&#8220;4.25.1&#8243; _module_preset=&#8220;default&#8220; global_colors_info=&#8220;{}&#8220;][et_pb_heading title=&#8220;SEKTOR ZA EKONOMIJU&#8220; _builder_version=&#8220;4.25.1&#8243; _module_preset=&#8220;default&#8220; title_font=&#8220;Poppins|700|||||||&#8220; title_text_align=&#8220;center&#8220; title_text_color=&#8220;#0C71C3&#8243; animation_style=&#8220;fade&#8220; global_colors_info=&#8220;{}&#8220;][\/et_pb_heading][et_pb_text _builder_version=&#8220;4.25.1&#8243; _module_preset=&#8220;default&#8220; text_font=&#8220;Poppins|500|||||||&#8220; text_text_color=&#8220;rgba(0,0,0,0.86)&#8220; text_font_size=&#8220;18px&#8220; custom_padding=&#8220;|0px||0px|false|true&#8220; text_orientation=&#8220;center&#8220; animation_style=&#8220;fade&#8220; animation_duration=&#8220;1250ms&#8220; hover_enabled=&#8220;0&#8243; sticky_enabled=&#8220;0&#8243;]<\/p>\n<p><span class=\"OYPEnA text-decoration-none text-strikethrough-none\">Sector of Economics includes Department for economic development, Department for analysis and assessment of investment risks,  Department for international economic cooperation and Department for the study of the use of new technologies.<\/span><\/p>\n<p>[\/et_pb_text][\/et_pb_column][et_pb_column type=&#8220;1_4&#8243; _builder_version=&#8220;4.25.1&#8243; _module_preset=&#8220;default&#8220; global_colors_info=&#8220;{}&#8220;][et_pb_heading title=&#8220;SEKTOR ZA JAVNE POLITIKE&#8220; _builder_version=&#8220;4.25.1&#8243; _module_preset=&#8220;default&#8220; title_font=&#8220;Poppins|700|||||||&#8220; title_text_align=&#8220;center&#8220; title_text_color=&#8220;#0C71C3&#8243; animation_style=&#8220;fade&#8220; global_colors_info=&#8220;{}&#8220;][\/et_pb_heading][et_pb_text _builder_version=&#8220;4.25.1&#8243; _module_preset=&#8220;default&#8220; sticky_enabled=&#8220;0&#8243; text_font=&#8220;Poppins|500|||||||&#8220; text_text_color=&#8220;rgba(0,0,0,0.86)&#8220; text_font_size=&#8220;18px&#8220; custom_padding=&#8220;|0px||0px|false|true&#8220; text_orientation=&#8220;center&#8220; animation_style=&#8220;fade&#8220; animation_duration=&#8220;1250ms&#8220;]<\/p>\n<p><span class=\"OYPEnA text-decoration-none text-strikethrough-none\">Public Policy sector includes Department for International relations and cooperation, Department for public administration, Department for economic policies, and Department for politics and public security.<\/span><\/p>\n<p>[\/et_pb_text][\/et_pb_column][et_pb_column type=&#8220;1_4&#8243; _builder_version=&#8220;4.25.1&#8243; _module_preset=&#8220;default&#8220; global_colors_info=&#8220;{}&#8220;][et_pb_heading title=&#8220;SEKTOR ZA IZDAVA\u0160TVO I PUBLICISTIKU&#8220; _builder_version=&#8220;4.25.1&#8243; _module_preset=&#8220;default&#8220; title_font=&#8220;Poppins|700|||||||&#8220; title_text_align=&#8220;center&#8220; title_text_color=&#8220;#0C71C3&#8243; animation_style=&#8220;fade&#8220; global_colors_info=&#8220;{}&#8220;][\/et_pb_heading][et_pb_text _builder_version=&#8220;4.25.1&#8243; _module_preset=&#8220;default&#8220; sticky_enabled=&#8220;0&#8243; text_font=&#8220;Poppins|500|||||||&#8220; text_text_color=&#8220;rgba(0,0,0,0.86)&#8220; text_font_size=&#8220;18px&#8220; custom_padding=&#8220;|0px||0px|false|true&#8220; text_orientation=&#8220;center&#8220; animation_style=&#8220;fade&#8220; animation_duration=&#8220;1250ms&#8220;]<\/p>\n<p><span class=\"OYPEnA text-decoration-none text-strikethrough-none\">Publishing and journalism sector includes<\/span><span class=\"OYPEnA text-decoration-none text-strikethrough-none white-space-prewrap\"> <\/span><span class=\"OYPEnA text-decoration-none text-strikethrough-none\">Department for journalism, Department for publishing and the Department for public relations.<\/span><\/p>\n<p>[\/et_pb_text][\/et_pb_column][et_pb_column type=&#8220;1_4&#8243; _builder_version=&#8220;4.25.1&#8243; _module_preset=&#8220;default&#8220; global_colors_info=&#8220;{}&#8220;][et_pb_heading title=&#8220;SEKTOR ZA TEHNI\u010cKU PODR\u0160KU&#8220; _builder_version=&#8220;4.25.1&#8243; _module_preset=&#8220;default&#8220; title_font=&#8220;Poppins|700|||||||&#8220; title_text_align=&#8220;center&#8220; title_text_color=&#8220;#0C71C3&#8243; animation_style=&#8220;fade&#8220; global_colors_info=&#8220;{}&#8220;][\/et_pb_heading][\/et_pb_column][\/et_pb_row][\/et_pb_section]<\/p>","protected":false},"excerpt":{"rendered":"<p>Sektor za ekonomiju u svom sastavu sadr\u017ei Odsek za ekonomski razvoj, Odsek za analize i procene rizika investiranja, Odsek za me\u0111unarodnu ekonomsku saradnju i Odsek za prou\u010davanje upotrebe novih tehnologija.Sektor za javne politike u svom sastavu sadr\u017ei Odsek za me\u0111unarodne odnose i saradnju, Odsek za javnu upravu, Odsek za ekonomske politike, Odsek za politiku i [&hellip;]<\/p>","protected":false},"author":2,"featured_media":0,"parent":0,"menu_order":0,"comment_status":"closed","ping_status":"closed","template":"","meta":{"_et_pb_use_builder":"on","_et_pb_old_content":"","_et_gb_content_width":"","two_page_speed":[],"footnotes":""},"class_list":["post-59","page","type-page","status-publish","hentry"],"_links":{"self":[{"href":"https:\/\/icepp.rs\/en\/wp-json\/wp\/v2\/pages\/59","targetHints":{"allow":["GET"]}}],"collection":[{"href":"https:\/\/icepp.rs\/en\/wp-json\/wp\/v2\/pages"}],"about":[{"href":"https:\/\/icepp.rs\/en\/wp-json\/wp\/v2\/types\/page"}],"author":[{"embeddable":true,"href":"https:\/\/icepp.rs\/en\/wp-json\/wp\/v2\/users\/2"}],"replies":[{"embeddable":true,"href":"https:\/\/icepp.rs\/en\/wp-json\/wp\/v2\/comments?post=59"}],"version-history":[{"count":4,"href":"https:\/\/icepp.rs\/en\/wp-json\/wp\/v2\/pages\/59\/revisions"}],"predecessor-version":[{"id":178,"href":"https:\/\/icepp.rs\/en\/wp-json\/wp\/v2\/pages\/59\/revisions\/178"}],"wp:attachment":[{"href":"https:\/\/icepp.rs\/en\/wp-json\/wp\/v2\/media?parent=59"}],"curies":[{"name":"wp","href":"https:\/\/api.w.org\/{rel}","templated":true}]}}