{"id":50,"date":"2024-04-16T21:42:46","date_gmt":"2024-04-16T21:42:46","guid":{"rendered":"https:\/\/icepp.rs\/?page_id=50"},"modified":"2024-07-13T20:50:44","modified_gmt":"2024-07-13T20:50:44","slug":"kontakt","status":"publish","type":"page","link":"https:\/\/icepp.rs\/en\/kontakt\/","title":{"rendered":"Contact"},"content":{"rendered":"<p>[et_pb_section fb_built=&#8220;1&#8243; fullwidth=&#8220;on&#8220; admin_label=&#8220;Header&#8220; _builder_version=&#8220;4.25.0&#8243; background_color=&#8220;#0A0AA8&#8243; background_enable_image=&#8220;off&#8220; parallax=&#8220;on&#8220; custom_padding=&#8220;|||&#8220; animation_style=&#8220;slide&#8220; animation_direction=&#8220;top&#8220; animation_intensity_slide=&#8220;2%&#8220; global_colors_info=&#8220;{}&#8220;][et_pb_fullwidth_header title=&#8220;Kontaktirajte nas&#8220; _builder_version=&#8220;4.25.1&#8243; _module_preset=&#8220;default&#8220; title_font=&#8220;|800|||||||&#8220; title_font_size=&#8220;31px&#8220; title_letter_spacing=&#8220;1px&#8220; background_color=&#8220;#182691&#8243; title_text_shadow_style=&#8220;preset2&#8243; global_colors_info=&#8220;{}&#8220;][\/et_pb_fullwidth_header][\/et_pb_section][et_pb_section fb_built=&#8220;1&#8243; admin_label=&#8220;Contact Info&#8220; _builder_version=&#8220;4.25.0&#8243; use_background_color_gradient=&#8220;on&#8220; background_color_gradient_direction=&#8220;1deg&#8220; background_color_gradient_stops=&#8220;#ffffff 1%|rgba(142,226,255,0.86) 99%&#8220; global_colors_info=&#8220;{}&#8220;][et_pb_row column_structure=&#8220;1_3,1_3,1_3&#8243; _builder_version=&#8220;4.16&#8243; custom_margin=&#8220;|||&#8220; custom_padding=&#8220;|||&#8220; locked=&#8220;off&#8220; global_colors_info=&#8220;{}&#8220;][et_pb_column type=&#8220;1_3&#8243; _builder_version=&#8220;4.16&#8243; custom_padding=&#8220;|||&#8220; global_colors_info=&#8220;{}&#8220; custom_padding__hover=&#8220;|||&#8220;][et_pb_blurb title=&#8220;Adresa&#8220; use_icon=&#8220;on&#8220; font_icon=&#8220;&#xe01d;||divi||400&#8243; icon_color=&#8220;#ffffff&#8220; image_icon_width=&#8220;46px&#8220; _builder_version=&#8220;4.25.0&#8243; header_level=&#8220;h5&#8243; header_font=&#8220;Roboto|700|||||||&#8220; header_font_size=&#8220;29px&#8220; header_letter_spacing=&#8220;2px&#8220; header_line_height=&#8220;1.2em&#8220; body_font=&#8220;|700|||||||&#8220; body_font_size=&#8220;16px&#8220; body_line_height=&#8220;1.9em&#8220; use_background_color_gradient=&#8220;on&#8220; background_color_gradient_direction=&#8220;90deg&#8220; background_color_gradient_stops=&#8220;#06c8ff 0%|#00b1e4 100%&#8220; background_color_gradient_start=&#8220;#06c8ff&#8220; background_color_gradient_end=&#8220;#00b1e4&#8243; background_image=&#8220;https:\/\/icepp.rs\/wp-content\/uploads\/2024\/04\/BG-5.png&#8220; text_orientation=&#8220;center&#8220; background_layout=&#8220;dark&#8220; custom_padding=&#8220;54px|30px|54px|30px|true|true&#8220; animation_style=&#8220;zoom&#8220; animation_direction=&#8220;bottom&#8220; animation=&#8220;off&#8220; header_text_shadow_style=&#8220;preset2&#8243; body_text_shadow_style=&#8220;preset5&#8243; border_radii=&#8220;on|10px|10px|10px|10px&#8220; icon_font_size=&#8220;46px&#8220; global_colors_info=&#8220;{}&#8220;]<\/p>\n<p>Jovana Risti\u0107a 2A, lok. M-26, 18000 Nis, Serbia<\/p>\n<p>[\/et_pb_blurb][\/et_pb_column][et_pb_column type=&#8220;1_3&#8243; _builder_version=&#8220;4.16&#8243; custom_padding=&#8220;|||&#8220; global_colors_info=&#8220;{}&#8220; custom_padding__hover=&#8220;|||&#8220;][et_pb_blurb title=&#8220;Telefon&#8220; use_icon=&#8220;on&#8220; font_icon=&#8220;&#xe00b;||divi||400&#8243; icon_color=&#8220;#ffffff&#8220; image_icon_width=&#8220;46px&#8220; _builder_version=&#8220;4.25.1&#8243; header_level=&#8220;h5&#8243; header_font=&#8220;Roboto|700|||||||&#8220; header_font_size=&#8220;29px&#8220; header_letter_spacing=&#8220;2px&#8220; header_line_height=&#8220;1.2em&#8220; body_font=&#8220;|700|||||||&#8220; body_font_size=&#8220;16px&#8220; body_line_height=&#8220;1.9em&#8220; use_background_color_gradient=&#8220;on&#8220; background_color_gradient_direction=&#8220;90deg&#8220; background_color_gradient_stops=&#8220;#06c8ff 0%|#00b1e4 100%&#8220; background_color_gradient_start=&#8220;#06c8ff&#8220; background_color_gradient_end=&#8220;#00b1e4&#8243; background_image=&#8220;https:\/\/icepp.rs\/wp-content\/uploads\/2024\/04\/BG-5.png&#8220; text_orientation=&#8220;center&#8220; background_layout=&#8220;dark&#8220; custom_margin=&#8220;||32px|||&#8220; custom_padding=&#8220;70px|30px|70px|30px|true|true&#8220; animation_style=&#8220;zoom&#8220; animation_direction=&#8220;bottom&#8220; animation=&#8220;off&#8220; hover_enabled=&#8220;0&#8243; header_text_shadow_style=&#8220;preset2&#8243; body_text_shadow_style=&#8220;preset5&#8243; border_radii=&#8220;on|10px|10px|10px|10px&#8220; icon_font_size=&#8220;46px&#8220; locked=&#8220;off&#8220; global_colors_info=&#8220;{}&#8220; sticky_enabled=&#8220;0&#8243;]<\/p>\n<p>+381 69797683<\/p>\n<p>[\/et_pb_blurb][\/et_pb_column][et_pb_column type=&#8220;1_3&#8243; _builder_version=&#8220;4.16&#8243; custom_padding=&#8220;|||&#8220; global_colors_info=&#8220;{}&#8220; custom_padding__hover=&#8220;|||&#8220;][et_pb_blurb title=&#8220;Email&#8220; use_icon=&#8220;on&#8220; font_icon=&#8220;&#xe010;||divi||400&#8243; icon_color=&#8220;#ffffff&#8220; image_icon_width=&#8220;46px&#8220; _builder_version=&#8220;4.25.0&#8243; header_level=&#8220;h5&#8243; header_font=&#8220;Roboto|700|||||||&#8220; header_font_size=&#8220;29px&#8220; header_letter_spacing=&#8220;2px&#8220; header_line_height=&#8220;1.2em&#8220; body_font=&#8220;|700|||||||&#8220; body_font_size=&#8220;16px&#8220; body_line_height=&#8220;1.9em&#8220; use_background_color_gradient=&#8220;on&#8220; background_color_gradient_direction=&#8220;90deg&#8220; background_color_gradient_stops=&#8220;#06c8ff 0%|#00b1e4 100%&#8220; background_color_gradient_start=&#8220;#06c8ff&#8220; background_color_gradient_end=&#8220;#00b1e4&#8243; background_image=&#8220;https:\/\/icepp.rs\/wp-content\/uploads\/2024\/04\/BG-5.png&#8220; text_orientation=&#8220;center&#8220; background_layout=&#8220;dark&#8220; custom_padding=&#8220;70px|30px|70px|30px|true|true&#8220; animation_style=&#8220;zoom&#8220; animation_direction=&#8220;bottom&#8220; animation=&#8220;off&#8220; header_text_shadow_style=&#8220;preset2&#8243; body_text_shadow_style=&#8220;preset5&#8243; border_radii=&#8220;on|10px|10px|10px|10px&#8220; border_color_all=&#8220;rgba(21,49,78,0.17)&#8220; icon_font_size=&#8220;46px&#8220; locked=&#8220;off&#8220; global_colors_info=&#8220;{}&#8220;]<\/p>\n<p>office@icepp.rs<\/p>\n<p>[\/et_pb_blurb][\/et_pb_column][\/et_pb_row][\/et_pb_section][et_pb_section fb_built=&#8220;1&#8243; admin_label=&#8220;Contact Form&#8220; _builder_version=&#8220;4.25.0&#8243; use_background_color_gradient=&#8220;on&#8220; background_color_gradient_stops=&#8220;rgba(193,246,255,0.18) 46%|#2aaec9 100%&#8220; background_enable_image=&#8220;off&#8220; background_size=&#8220;initial&#8220; background_position=&#8220;bottom_right&#8220; custom_margin=&#8220;-88px|||||&#8220; custom_padding=&#8220;54px|0px|100px|0px|false|false&#8220; global_colors_info=&#8220;{}&#8220;][et_pb_row _builder_version=&#8220;4.16&#8243; custom_margin=&#8220;-9px|auto||auto||&#8220; global_colors_info=&#8220;{}&#8220;][et_pb_column type=&#8220;4_4&#8243; _builder_version=&#8220;4.16&#8243; custom_padding=&#8220;|||&#8220; global_colors_info=&#8220;{}&#8220; custom_padding__hover=&#8220;|||&#8220;][et_pb_text _builder_version=&#8220;4.25.0&#8243; text_font=&#8220;Poppins|700|||||||&#8220; text_text_color=&#8220;#000000&#8243; text_font_size=&#8220;20px&#8220; text_line_height=&#8220;1.9em&#8220; header_font=&#8220;||||||||&#8220; header_2_font=&#8220;Roboto|300|||||||&#8220; header_2_font_size=&#8220;50px&#8220; header_2_line_height=&#8220;1.2em&#8220; text_orientation=&#8220;center&#8220; max_width=&#8220;700px&#8220; max_width_tablet=&#8220;&#8220; max_width_phone=&#8220;&#8220; max_width_last_edited=&#8220;on|desktop&#8220; module_alignment=&#8220;center&#8220; header_2_font_size_tablet=&#8220;40px&#8220; header_2_font_size_phone=&#8220;32px&#8220; header_2_font_size_last_edited=&#8220;on|phone&#8220; locked=&#8220;off&#8220; inline_fonts=&#8220;Poppins&#8220; global_colors_info=&#8220;{}&#8220;]<\/p>\n<h2><span style=\"font-family: Poppins; font-weight: normal; color: #0a007c;\"><strong>Your question<\/strong><\/span><\/h2>\n<p>[\/et_pb_text][et_pb_contact_form email=&#8220;office@icepp.rs&#8220; custom_message=&#8220;Hvala \u0161to ste nas pitali! Nadle\u017eno lice Me\u0111unarodnog centra za ekonomiju i javne politike \u0107e Vas kontaktirati u najkra\u0107em roku!&#8220; submit_button_text=&#8220;Po\u0161alji&#8220; module_id=&#8220;et_pb_contact_form_0&#8243; _builder_version=&#8220;4.24.3&#8243; title_level=&#8220;h2&#8243; title_font=&#8220;Roboto|300|||||||&#8220; title_text_align=&#8220;center&#8220; title_text_color=&#8220;#000000&#8243; title_font_size=&#8220;50px&#8220; title_line_height=&#8220;1.2em&#8220; captcha_font=&#8220;|700|||||||&#8220; captcha_text_color=&#8220;#0066cc&#8220; form_field_font=&#8220;Roboto||||||||&#8220; form_field_font_size=&#8220;20px&#8220; form_field_line_height=&#8220;1.8em&#8220; custom_button=&#8220;on&#8220; button_text_size=&#8220;14px&#8220; button_text_color=&#8220;#FFFFFF&#8220; button_bg_color=&#8220;#f42222&#8243; button_border_width=&#8220;10px&#8220; button_border_color=&#8220;rgba(0,0,0,0)&#8220; button_border_radius=&#8220;100px&#8220; button_letter_spacing=&#8220;3px&#8220; button_font=&#8220;Roboto|900||on|||||&#8220; button_icon=&#8220;&#x39;||divi||400&#8243; button_text_shadow_style=&#8220;preset5&#8243; box_shadow_style_button=&#8220;preset2&#8243; global_colors_info=&#8220;{}&#8220;][et_pb_contact_field field_id=&#8220;Field_1&#8243; field_title=&#8220;Ime i prezime&#8220; _builder_version=&#8220;4.24.3&#8243; form_field_background_color=&#8220;#0db1e8&#8243; form_field_text_color=&#8220;#FFFFFF&#8220; form_field_focus_background_color=&#8220;#FFFFFF&#8220; form_field_focus_text_color=&#8220;#000000&#8243; form_field_font=&#8220;Roboto|500|||||||&#8220; form_field_font_size=&#8220;16px&#8220; form_field_letter_spacing=&#8220;1px&#8220; form_field_text_shadow_style=&#8220;preset5&#8243; border_radii=&#8220;on|10px|10px|10px|10px&#8220; border_color_all=&#8220;#ffffff&#8220; field_background_color=&#8220;#f7f7f7&#8243; global_colors_info=&#8220;{}&#8220; button_text_size__hover_enabled=&#8220;off&#8220; button_one_text_size__hover_enabled=&#8220;off&#8220; button_two_text_size__hover_enabled=&#8220;off&#8220; button_text_color__hover_enabled=&#8220;off&#8220; button_one_text_color__hover_enabled=&#8220;off&#8220; button_two_text_color__hover_enabled=&#8220;off&#8220; button_border_width__hover_enabled=&#8220;off&#8220; button_one_border_width__hover_enabled=&#8220;off&#8220; button_two_border_width__hover_enabled=&#8220;off&#8220; button_border_color__hover_enabled=&#8220;off&#8220; button_one_border_color__hover_enabled=&#8220;off&#8220; button_two_border_color__hover_enabled=&#8220;off&#8220; button_border_radius__hover_enabled=&#8220;off&#8220; button_one_border_radius__hover_enabled=&#8220;off&#8220; button_two_border_radius__hover_enabled=&#8220;off&#8220; button_letter_spacing__hover_enabled=&#8220;off&#8220; button_one_letter_spacing__hover_enabled=&#8220;off&#8220; button_two_letter_spacing__hover_enabled=&#8220;off&#8220; button_bg_color__hover_enabled=&#8220;off&#8220; button_one_bg_color__hover_enabled=&#8220;off&#8220; button_two_bg_color__hover_enabled=&#8220;off&#8220;][\/et_pb_contact_field][et_pb_contact_field field_id=&#8220;Email&#8220; field_title=&#8220;Va\u0161 email&#8220; field_type=&#8220;email&#8220; _builder_version=&#8220;4.24.3&#8243; form_field_background_color=&#8220;#0db1e8&#8243; form_field_text_color=&#8220;#FFFFFF&#8220; form_field_focus_background_color=&#8220;#FFFFFF&#8220; form_field_focus_text_color=&#8220;#000000&#8243; form_field_font=&#8220;Roboto|500|||||||&#8220; form_field_font_size=&#8220;16px&#8220; form_field_letter_spacing=&#8220;1px&#8220; form_field_text_shadow_style=&#8220;preset5&#8243; border_radii=&#8220;on|10px|10px|10px|10px&#8220; border_color_all=&#8220;#ffffff&#8220; field_background_color=&#8220;#f7f7f7&#8243; global_colors_info=&#8220;{}&#8220; button_text_size__hover_enabled=&#8220;off&#8220; button_one_text_size__hover_enabled=&#8220;off&#8220; button_two_text_size__hover_enabled=&#8220;off&#8220; button_text_color__hover_enabled=&#8220;off&#8220; button_one_text_color__hover_enabled=&#8220;off&#8220; button_two_text_color__hover_enabled=&#8220;off&#8220; button_border_width__hover_enabled=&#8220;off&#8220; button_one_border_width__hover_enabled=&#8220;off&#8220; button_two_border_width__hover_enabled=&#8220;off&#8220; button_border_color__hover_enabled=&#8220;off&#8220; button_one_border_color__hover_enabled=&#8220;off&#8220; button_two_border_color__hover_enabled=&#8220;off&#8220; button_border_radius__hover_enabled=&#8220;off&#8220; button_one_border_radius__hover_enabled=&#8220;off&#8220; button_two_border_radius__hover_enabled=&#8220;off&#8220; button_letter_spacing__hover_enabled=&#8220;off&#8220; button_one_letter_spacing__hover_enabled=&#8220;off&#8220; button_two_letter_spacing__hover_enabled=&#8220;off&#8220; button_bg_color__hover_enabled=&#8220;off&#8220; button_one_bg_color__hover_enabled=&#8220;off&#8220; button_two_bg_color__hover_enabled=&#8220;off&#8220;][\/et_pb_contact_field][et_pb_contact_field field_id=&#8220;Message&#8220; field_title=&#8220;Va\u0161a poruka&#8220; field_type=&#8220;text&#8220; _builder_version=&#8220;4.24.3&#8243; form_field_background_color=&#8220;#0db1e8&#8243; form_field_text_color=&#8220;#FFFFFF&#8220; form_field_focus_background_color=&#8220;#FFFFFF&#8220; form_field_focus_text_color=&#8220;#000000&#8243; form_field_font=&#8220;Roboto|500|||||||&#8220; form_field_font_size=&#8220;16px&#8220; form_field_letter_spacing=&#8220;1px&#8220; form_field_text_shadow_style=&#8220;preset5&#8243; border_radii=&#8220;on|10px|10px|10px|10px&#8220; border_color_all=&#8220;#ffffff&#8220; field_background_color=&#8220;#f7f7f7&#8243; global_colors_info=&#8220;{}&#8220; button_text_size__hover_enabled=&#8220;off&#8220; button_one_text_size__hover_enabled=&#8220;off&#8220; button_two_text_size__hover_enabled=&#8220;off&#8220; button_text_color__hover_enabled=&#8220;off&#8220; button_one_text_color__hover_enabled=&#8220;off&#8220; button_two_text_color__hover_enabled=&#8220;off&#8220; button_border_width__hover_enabled=&#8220;off&#8220; button_one_border_width__hover_enabled=&#8220;off&#8220; button_two_border_width__hover_enabled=&#8220;off&#8220; button_border_color__hover_enabled=&#8220;off&#8220; button_one_border_color__hover_enabled=&#8220;off&#8220; button_two_border_color__hover_enabled=&#8220;off&#8220; button_border_radius__hover_enabled=&#8220;off&#8220; button_one_border_radius__hover_enabled=&#8220;off&#8220; button_two_border_radius__hover_enabled=&#8220;off&#8220; button_letter_spacing__hover_enabled=&#8220;off&#8220; button_one_letter_spacing__hover_enabled=&#8220;off&#8220; button_two_letter_spacing__hover_enabled=&#8220;off&#8220; button_bg_color__hover_enabled=&#8220;off&#8220; button_one_bg_color__hover_enabled=&#8220;off&#8220; button_two_bg_color__hover_enabled=&#8220;off&#8220;][\/et_pb_contact_field][\/et_pb_contact_form][\/et_pb_column][\/et_pb_row][\/et_pb_section][et_pb_section fb_built=&#8220;1&#8243; _builder_version=&#8220;4.24.3&#8243; _module_preset=&#8220;default&#8220; global_colors_info=&#8220;{}&#8220;][et_pb_row _builder_version=&#8220;4.24.3&#8243; _module_preset=&#8220;default&#8220; global_colors_info=&#8220;{}&#8220;][et_pb_column type=&#8220;4_4&#8243; _builder_version=&#8220;4.24.3&#8243; _module_preset=&#8220;default&#8220; global_colors_info=&#8220;{}&#8220;][et_pb_code _builder_version=&#8220;4.24.3&#8243; _module_preset=&#8220;default&#8220; border_radii=&#8220;on|10px|10px|10px|10px&#8220; border_width_all=&#8220;5px&#8220; border_color_all=&#8220;#0C71C3&#8243; box_shadow_style=&#8220;preset2&#8243; global_colors_info=&#8220;{}&#8220;]<iframe src=\"https:\/\/www.google.com\/maps\/embed?pb=!1m18!1m12!1m3!1d725.7046147814259!2d21.888922664078976!3d43.31805961688915!2m3!1f0!2f0!3f0!3m2!1i1024!2i768!4f13.1!3m3!1m2!1s0x4755b0b2ec29340f%3A0x2dd78c8d5eddecaa!2zSm92YW5hIFJpc3RpxIdhIDJhLCBOacWh!5e0!3m2!1sen!2srs!4v1713306205780!5m2!1sen!2srs\" width=\"1400\" height=\"600\" style=\"border:0;\" allowfullscreen=\"\" loading=\"lazy\" referrerpolicy=\"no-referrer-when-downgrade\"><\/iframe>[\/et_pb_code][\/et_pb_column][\/et_pb_row][\/et_pb_section]<\/p>","protected":false},"excerpt":{"rendered":"<p>Ul. Jovana Risti\u0107a 2A, lok. M-26, 18000 Ni\u0161, Srbija+381 69797683office@icepp.rsPitajte nas!<\/p>","protected":false},"author":2,"featured_media":0,"parent":0,"menu_order":0,"comment_status":"closed","ping_status":"closed","template":"","meta":{"_et_pb_use_builder":"on","_et_pb_old_content":"","_et_gb_content_width":"","two_page_speed":{"previous_score":{"desktop_score":94,"desktop_tti":"0.8\u00a0","mobile_score":62,"mobile_tti":"6.1\u00a0","date":"16.05.2024 07:26:36 pm","status":"completed"},"current_score":{"desktop_score":99,"desktop_tti":"0.7\u00a0","mobile_score":94,"mobile_tti":"2.9\u00a0","date":"13.07.2024 08:51:06 pm","status":"completed"}},"footnotes":""},"class_list":["post-50","page","type-page","status-publish","hentry"],"_links":{"self":[{"href":"https:\/\/icepp.rs\/en\/wp-json\/wp\/v2\/pages\/50","targetHints":{"allow":["GET"]}}],"collection":[{"href":"https:\/\/icepp.rs\/en\/wp-json\/wp\/v2\/pages"}],"about":[{"href":"https:\/\/icepp.rs\/en\/wp-json\/wp\/v2\/types\/page"}],"author":[{"embeddable":true,"href":"https:\/\/icepp.rs\/en\/wp-json\/wp\/v2\/users\/2"}],"replies":[{"embeddable":true,"href":"https:\/\/icepp.rs\/en\/wp-json\/wp\/v2\/comments?post=50"}],"version-history":[{"count":9,"href":"https:\/\/icepp.rs\/en\/wp-json\/wp\/v2\/pages\/50\/revisions"}],"predecessor-version":[{"id":217,"href":"https:\/\/icepp.rs\/en\/wp-json\/wp\/v2\/pages\/50\/revisions\/217"}],"wp:attachment":[{"href":"https:\/\/icepp.rs\/en\/wp-json\/wp\/v2\/media?parent=50"}],"curies":[{"name":"wp","href":"https:\/\/api.w.org\/{rel}","templated":true}]}}