{"id":12,"date":"2024-04-09T18:32:20","date_gmt":"2024-04-09T18:32:20","guid":{"rendered":"https:\/\/icepp.rs\/?page_id=12"},"modified":"2024-07-10T09:03:31","modified_gmt":"2024-07-10T09:03:31","slug":"o-nama","status":"publish","type":"page","link":"https:\/\/icepp.rs\/en\/o-nama\/","title":{"rendered":"About Us"},"content":{"rendered":"<p>[et_pb_section fb_built=&#8220;1&#8243; _builder_version=&#8220;4.25.1&#8243; _module_preset=&#8220;default&#8220; background_image=&#8220;https:\/\/icepp.rs\/wp-content\/uploads\/2024\/05\/building-4781384_1280.jpg&#8220; custom_padding=&#8220;61px||74px|||&#8220; global_colors_info=&#8220;{}&#8220;][et_pb_row _builder_version=&#8220;4.25.1&#8243; _module_preset=&#8220;default&#8220; background_color=&#8220;#FFFFFF&#8220; use_background_color_gradient=&#8220;on&#8220; background_color_gradient_direction=&#8220;172deg&#8220; background_color_gradient_stops=&#8220;#ededed 99%|#d1d1d1 100%&#8220; custom_margin=&#8220;17px|auto|88px|auto|false|false&#8220; custom_margin_tablet=&#8220;17px|auto|88px|auto|false|false&#8220; custom_margin_phone=&#8220;17px|auto|88px|auto|false|false&#8220; custom_margin_last_edited=&#8220;on|phone&#8220; custom_padding=&#8220;56px|36px|16px|36px|false|true&#8220; border_radii=&#8220;on|58px|58px|58px|58px&#8220; box_shadow_style=&#8220;preset6&#8243; global_colors_info=&#8220;{}&#8220;][et_pb_column type=&#8220;4_4&#8243; _builder_version=&#8220;4.23.4&#8243; _module_preset=&#8220;default&#8220; global_colors_info=&#8220;{}&#8220;][et_pb_text _builder_version=&#8220;4.25.1&#8243; _module_preset=&#8220;default&#8220; text_text_color=&#8220;#000000&#8243; header_font=&#8220;Poppins|800|||||||&#8220; header_text_align=&#8220;center&#8220; header_text_color=&#8220;#030c72&#8243; header_font_size=&#8220;50px&#8220; header_letter_spacing=&#8220;1px&#8220; header_line_height=&#8220;1.2em&#8220; custom_padding=&#8220;0px||35px||false|false&#8220; animation_style=&#8220;zoom&#8220; text_font_size_tablet=&#8220;&#8220; text_font_size_phone=&#8220;&#8220; text_font_size_last_edited=&#8220;on|phone&#8220; header_font_size_tablet=&#8220;52px&#8220; header_font_size_phone=&#8220;26px&#8220; header_font_size_last_edited=&#8220;on|desktop&#8220; header_text_shadow_style=&#8220;preset1&#8243; header_text_shadow_color=&#8220;rgba(0,0,0,0.24)&#8220; global_colors_info=&#8220;{}&#8220;]<\/p>\n<h1>INTERNATIONAL CENTER FOR ECONOMICS AND PUBLIC POLICY!<\/h1>\n<p>[\/et_pb_text][\/et_pb_column][\/et_pb_row][\/et_pb_section][et_pb_section fb_built=&#8220;1&#8243; _builder_version=&#8220;4.25.1&#8243; _module_preset=&#8220;default&#8220; use_background_color_gradient=&#8220;on&#8220; background_color_gradient_stops=&#8220;rgba(107,154,211,0.66) 22%|#ffffff 72%&#8220; background_enable_image=&#8220;off&#8220; min_height=&#8220;793.8px&#8220; custom_margin=&#8220;-70px|||||&#8220; custom_padding=&#8220;54px|||||&#8220; global_colors_info=&#8220;{}&#8220;][et_pb_row column_structure=&#8220;1_3,2_3&#8243; _builder_version=&#8220;4.25.1&#8243; _module_preset=&#8220;default&#8220; global_colors_info=&#8220;{}&#8220;][et_pb_column type=&#8220;1_3&#8243; _builder_version=&#8220;4.23.4&#8243; _module_preset=&#8220;default&#8220; global_colors_info=&#8220;{}&#8220;][et_pb_image src=&#8220;https:\/\/icepp.rs\/wp-content\/uploads\/2024\/07\/Logo-2.png&#8220; title_text=&#8220;Green-and-Black-Minimalist-Education-Logo-2&#8243; _builder_version=&#8220;4.25.1&#8243; _module_preset=&#8220;default&#8220; animation_style=&#8220;zoom&#8220; hover_enabled=&#8220;0&#8243; border_radii=&#8220;on|164px|164px|164px|164px&#8220; border_width_all=&#8220;3px&#8220; border_color_all=&#8220;#06179b&#8220; box_shadow_style=&#8220;preset2&#8243; box_shadow_color=&#8220;#000000&#8243; global_colors_info=&#8220;{}&#8220; sticky_enabled=&#8220;0&#8243;][\/et_pb_image][\/et_pb_column][et_pb_column type=&#8220;2_3&#8243; _builder_version=&#8220;4.25.1&#8243; _module_preset=&#8220;default&#8220; global_colors_info=&#8220;{}&#8220;][et_pb_text _builder_version=&#8220;4.25.1&#8243; _module_preset=&#8220;default&#8220; text_font=&#8220;Poppins|700|||||||&#8220; text_text_color=&#8220;#FFFFFF&#8220; text_font_size=&#8220;17px&#8220; background_color=&#8220;rgba(68,113,191,0.87)&#8220; text_orientation=&#8220;justified&#8220; width=&#8220;100%&#8220; custom_padding=&#8220;28px|49px|1px|49px|false|true&#8220; animation_style=&#8220;fade&#8220; animation_duration=&#8220;2000ms&#8220; text_font_size_tablet=&#8220;17px&#8220; text_font_size_phone=&#8220;13px&#8220; text_font_size_last_edited=&#8220;on|phone&#8220; text_text_shadow_style=&#8220;preset2&#8243; text_text_shadow_color=&#8220;#000000&#8243; border_radii=&#8220;on|18px|18px|18px|18px&#8220; box_shadow_style=&#8220;preset2&#8243; global_colors_info=&#8220;{}&#8220;]<\/p>\n<p>International Center for Economics and Public Policy - ICEPP is a voluntary, non-profit association founded to achieve goals in the field of economics and public policies, in terms of their research and providing solutions for their improvement at the level of the local community, republic and region.<\/p>\n<p>&nbsp;<\/p>\n<p>[\/et_pb_text][et_pb_text _builder_version=&#8220;4.25.1&#8243; _module_preset=&#8220;default&#8220; text_font=&#8220;Poppins|700|||||||&#8220; text_text_color=&#8220;#FFFFFF&#8220; text_font_size=&#8220;17px&#8220; background_color=&#8220;rgba(68,113,191,0.87)&#8220; text_orientation=&#8220;justified&#8220; custom_padding=&#8220;28px|49px|28px|49px|true|true&#8220; animation_style=&#8220;fade&#8220; animation_duration=&#8220;2000ms&#8220; text_font_size_tablet=&#8220;17px&#8220; text_font_size_phone=&#8220;13px&#8220; text_font_size_last_edited=&#8220;on|phone&#8220; text_text_shadow_style=&#8220;preset2&#8243; text_text_shadow_color=&#8220;#000000&#8243; border_radii=&#8220;on|18px|18px|18px|18px&#8220; box_shadow_style=&#8220;preset2&#8243; global_colors_info=&#8220;{}&#8220;]<\/p>\n<p><span>ICEPP operates with the aim of directing its activities to solving social problems in order to develop society, to invest the realized profit in the development of the economy, public policies and other areas of wider social interest.<\/span><\/p>\n<p>[\/et_pb_text][et_pb_text _builder_version=&#8220;4.25.1&#8243; _module_preset=&#8220;default&#8220; text_font=&#8220;Poppins|700|||||||&#8220; text_text_color=&#8220;#FFFFFF&#8220; text_font_size=&#8220;17px&#8220; background_color=&#8220;rgba(68,113,191,0.87)&#8220; text_orientation=&#8220;justified&#8220; custom_padding=&#8220;28px|49px|28px|49px|true|true&#8220; animation_style=&#8220;fade&#8220; animation_duration=&#8220;2000ms&#8220; text_font_size_tablet=&#8220;17px&#8220; text_font_size_phone=&#8220;13px&#8220; text_font_size_last_edited=&#8220;on|phone&#8220; text_text_shadow_style=&#8220;preset2&#8243; text_text_shadow_color=&#8220;#000000&#8243; border_radii=&#8220;on|18px|18px|18px|18px&#8220; box_shadow_style=&#8220;preset2&#8243; global_colors_info=&#8220;{}&#8220;]<\/p>\n<p><span>International Center for Economics and Public Policy tends to actively work on the initiation of numerous social topics and initiatives, but also to organize expert panel discussions, conferences, seminars and public debates on various social, political, cultural and economic issues.<\/span><\/p>\n<p>[\/et_pb_text][\/et_pb_column][\/et_pb_row][\/et_pb_section]<\/p>","protected":false},"excerpt":{"rendered":"<p>ME\u0110UNARODNI CENTAR ZA EKONOMIJU I JAVNE POLITIKEMe\u0111unarodni centar za ekonomiju i javne politike &#8211; MCEJP je dobrovoljno, neprofitno udru\u017eenje osnovano radi ostvarivanja ciljeva u oblasti ekonomije i javnih politika, u smislu njihovog istra\u017eivanja i pru\u017eanja re\u0161enja za njihovo unapre\u0111enje na nivou lokalne zajednice, republike i regiona. &nbsp;Me\u0111unarodni centar za ekonomiju i javne politike deluje sa [&hellip;]<\/p>","protected":false},"author":2,"featured_media":0,"parent":0,"menu_order":0,"comment_status":"closed","ping_status":"closed","template":"","meta":{"_et_pb_use_builder":"on","_et_pb_old_content":"","_et_gb_content_width":"","two_page_speed":{"previous_score":{"desktop_score":95,"desktop_tti":"0.8\u00a0","mobile_score":67,"mobile_tti":"4.3\u00a0","date":"18.05.2024 01:50:35 pm","status":"completed"},"current_score":{"desktop_score":98,"desktop_tti":"0.6\u00a0","mobile_score":88,"mobile_tti":"2.4\u00a0","date":"10.07.2024 09:03:56 am","status":"completed"}},"footnotes":""},"class_list":["post-12","page","type-page","status-publish","hentry"],"_links":{"self":[{"href":"https:\/\/icepp.rs\/en\/wp-json\/wp\/v2\/pages\/12","targetHints":{"allow":["GET"]}}],"collection":[{"href":"https:\/\/icepp.rs\/en\/wp-json\/wp\/v2\/pages"}],"about":[{"href":"https:\/\/icepp.rs\/en\/wp-json\/wp\/v2\/types\/page"}],"author":[{"embeddable":true,"href":"https:\/\/icepp.rs\/en\/wp-json\/wp\/v2\/users\/2"}],"replies":[{"embeddable":true,"href":"https:\/\/icepp.rs\/en\/wp-json\/wp\/v2\/comments?post=12"}],"version-history":[{"count":20,"href":"https:\/\/icepp.rs\/en\/wp-json\/wp\/v2\/pages\/12\/revisions"}],"predecessor-version":[{"id":384,"href":"https:\/\/icepp.rs\/en\/wp-json\/wp\/v2\/pages\/12\/revisions\/384"}],"wp:attachment":[{"href":"https:\/\/icepp.rs\/en\/wp-json\/wp\/v2\/media?parent=12"}],"curies":[{"name":"wp","href":"https:\/\/api.w.org\/{rel}","templated":true}]}}